{"id":231,"date":"2024-06-09T13:31:22","date_gmt":"2024-06-09T11:31:22","guid":{"rendered":"https:\/\/www.deinklavierlehrer.de\/?page_id=231"},"modified":"2025-03-26T16:34:56","modified_gmt":"2025-03-26T15:34:56","slug":"methodisches","status":"publish","type":"page","link":"https:\/\/www.deinklavierlehrer.de\/index.php\/methodisches\/","title":{"rendered":"Methodisches"},"content":{"rendered":"\n<figure class=\"wp-block-pullquote\"><blockquote><p><br><strong>Zwar ist es leicht, doch ist das Leichte schwer <\/strong>&nbsp;&nbsp;&nbsp;&nbsp; (Goethe)<\/p><\/blockquote><\/figure>\n\n\n\n<p>In meinem Unterricht versuche ich, komplexe pianistische Vorg\u00e4nge auf immer einfachere Strukturen zur\u00fcckzuf\u00fchren, um technische Probleme leichter zu \u00fcberwinden. Mein Ziel ist es, das Klavierspielen nicht als Arbeit, sondern als Spiel zu betrachten.<\/p>\n\n\n\n<p>F\u00fcr Anf\u00e4nger ist es h\u00e4ufig wichtig, sich an die ersten Melodien zu erinnern, die einem im Leben begegnet sind \u2013 relativ h\u00e4ufig ist das ein Gute-Nacht-Lied. Dieses Lied auf dem Klavier zu spielen \u2013 so beginnt oft der Weg in meinem Unterricht mit Menschen, die noch nie ein Klavier zu spielen probiert haben. Wer sich traut, mit dem mag ich so auch seine F\u00e4higkeiten zu singen, f\u00f6rdern und zu st\u00e4rken.<\/p>\n\n\n\n<p><\/p>\n","protected":false},"excerpt":{"rendered":"<p>Zwar ist es leicht, doch ist das Leichte schwer &nbsp;&nbsp;&nbsp;&nbsp; (Goethe) In meinem Unterricht versuche ich, komplexe pianistische Vorg\u00e4nge auf immer einfachere Strukturen zur\u00fcckzuf\u00fchren, um technische Probleme leichter zu \u00fcberwinden. Mein Ziel ist es, das Klavierspielen nicht als Arbeit, sondern als Spiel zu betrachten. F\u00fcr Anf\u00e4nger ist es h\u00e4ufig wichtig, sich an die ersten Melodien [&hellip;]<\/p>\n","protected":false},"author":11707,"featured_media":0,"parent":0,"menu_order":0,"comment_status":"closed","ping_status":"closed","template":"","meta":{"_monsterinsights_skip_tracking":false,"_monsterinsights_sitenote_active":false,"_monsterinsights_sitenote_note":"","_monsterinsights_sitenote_category":0,"footnotes":""},"class_list":["post-231","page","type-page","status-publish","hentry","post-preview"],"_links":{"self":[{"href":"https:\/\/www.deinklavierlehrer.de\/index.php\/wp-json\/wp\/v2\/pages\/231","targetHints":{"allow":["GET"]}}],"collection":[{"href":"https:\/\/www.deinklavierlehrer.de\/index.php\/wp-json\/wp\/v2\/pages"}],"about":[{"href":"https:\/\/www.deinklavierlehrer.de\/index.php\/wp-json\/wp\/v2\/types\/page"}],"author":[{"embeddable":true,"href":"https:\/\/www.deinklavierlehrer.de\/index.php\/wp-json\/wp\/v2\/users\/11707"}],"replies":[{"embeddable":true,"href":"https:\/\/www.deinklavierlehrer.de\/index.php\/wp-json\/wp\/v2\/comments?post=231"}],"version-history":[{"count":8,"href":"https:\/\/www.deinklavierlehrer.de\/index.php\/wp-json\/wp\/v2\/pages\/231\/revisions"}],"predecessor-version":[{"id":257,"href":"https:\/\/www.deinklavierlehrer.de\/index.php\/wp-json\/wp\/v2\/pages\/231\/revisions\/257"}],"wp:attachment":[{"href":"https:\/\/www.deinklavierlehrer.de\/index.php\/wp-json\/wp\/v2\/media?parent=231"}],"curies":[{"name":"wp","href":"https:\/\/api.w.org\/{rel}","templated":true}]}}