{"id":135,"date":"2021-02-01T10:32:11","date_gmt":"2021-02-01T10:32:11","guid":{"rendered":"http:\/\/www.deinklavierlehrer.de\/?page_id=135"},"modified":"2025-03-04T16:17:43","modified_gmt":"2025-03-04T15:17:43","slug":"ueber-mich","status":"publish","type":"page","link":"https:\/\/www.deinklavierlehrer.de\/","title":{"rendered":"\u00dcber mich"},"content":{"rendered":"\n<p>Jan K\u00f6nigschulte studierte an der Hochschule f\u00fcr Musik Detmold Klavier und Gesang. Pr\u00e4gende Lehrerpers\u00f6nlichkeit war Prof. Gregor Weichert im k\u00fcnstlerischen Hauptfach Klavier. Seit \u00fcber 30 Jahren arbeitet er als Instrumentalp\u00e4dagoge und Chorleiter.<\/p>\n\n\n\n<figure class=\"wp-block-image size-large\"><a href=\"https:\/\/www.deinklavierlehrer.de\/wp-content\/uploads\/2025\/03\/2025-02-25-Jan-Koenigschulte4444-online-sw.jpg\"><img loading=\"lazy\" decoding=\"async\" width=\"1024\" height=\"683\" src=\"https:\/\/www.deinklavierlehrer.de\/wp-content\/uploads\/2025\/03\/2025-02-25-Jan-Koenigschulte4444-online-sw-1024x683.jpg\" alt=\"\" class=\"wp-image-253\" srcset=\"https:\/\/www.deinklavierlehrer.de\/wp-content\/uploads\/2025\/03\/2025-02-25-Jan-Koenigschulte4444-online-sw-1024x683.jpg 1024w, https:\/\/www.deinklavierlehrer.de\/wp-content\/uploads\/2025\/03\/2025-02-25-Jan-Koenigschulte4444-online-sw-300x200.jpg 300w, https:\/\/www.deinklavierlehrer.de\/wp-content\/uploads\/2025\/03\/2025-02-25-Jan-Koenigschulte4444-online-sw-768x512.jpg 768w, https:\/\/www.deinklavierlehrer.de\/wp-content\/uploads\/2025\/03\/2025-02-25-Jan-Koenigschulte4444-online-sw-1536x1025.jpg 1536w, https:\/\/www.deinklavierlehrer.de\/wp-content\/uploads\/2025\/03\/2025-02-25-Jan-Koenigschulte4444-online-sw-676x451.jpg 676w, https:\/\/www.deinklavierlehrer.de\/wp-content\/uploads\/2025\/03\/2025-02-25-Jan-Koenigschulte4444-online-sw.jpg 2048w\" sizes=\"auto, (max-width: 1024px) 100vw, 1024px\" \/><\/a><\/figure>\n\n\n\n<p><\/p>\n\n\n\n<p>Mobil: 0176 \/  34 29 58 59<\/p>\n\n\n\n<p>Festnetz: 030 \/ 33 90 66 53<\/p>\n","protected":false},"excerpt":{"rendered":"<p>Jan K\u00f6nigschulte studierte an der Hochschule f\u00fcr Musik Detmold Klavier und Gesang. Pr\u00e4gende Lehrerpers\u00f6nlichkeit war Prof. Gregor Weichert im k\u00fcnstlerischen Hauptfach Klavier. Seit \u00fcber 30 Jahren arbeitet er als Instrumentalp\u00e4dagoge und Chorleiter. Mobil: 0176 \/ 34 29 58 59 Festnetz: 030 \/ 33 90 66 53<\/p>\n","protected":false},"author":11707,"featured_media":0,"parent":0,"menu_order":0,"comment_status":"closed","ping_status":"closed","template":"","meta":{"_monsterinsights_skip_tracking":false,"_monsterinsights_sitenote_active":false,"_monsterinsights_sitenote_note":"","_monsterinsights_sitenote_category":0,"footnotes":""},"class_list":["post-135","page","type-page","status-publish","hentry","post-preview"],"_links":{"self":[{"href":"https:\/\/www.deinklavierlehrer.de\/index.php\/wp-json\/wp\/v2\/pages\/135","targetHints":{"allow":["GET"]}}],"collection":[{"href":"https:\/\/www.deinklavierlehrer.de\/index.php\/wp-json\/wp\/v2\/pages"}],"about":[{"href":"https:\/\/www.deinklavierlehrer.de\/index.php\/wp-json\/wp\/v2\/types\/page"}],"author":[{"embeddable":true,"href":"https:\/\/www.deinklavierlehrer.de\/index.php\/wp-json\/wp\/v2\/users\/11707"}],"replies":[{"embeddable":true,"href":"https:\/\/www.deinklavierlehrer.de\/index.php\/wp-json\/wp\/v2\/comments?post=135"}],"version-history":[{"count":9,"href":"https:\/\/www.deinklavierlehrer.de\/index.php\/wp-json\/wp\/v2\/pages\/135\/revisions"}],"predecessor-version":[{"id":254,"href":"https:\/\/www.deinklavierlehrer.de\/index.php\/wp-json\/wp\/v2\/pages\/135\/revisions\/254"}],"wp:attachment":[{"href":"https:\/\/www.deinklavierlehrer.de\/index.php\/wp-json\/wp\/v2\/media?parent=135"}],"curies":[{"name":"wp","href":"https:\/\/api.w.org\/{rel}","templated":true}]}}